{"id":1060,"date":"2022-03-07T04:42:32","date_gmt":"2022-03-07T04:42:32","guid":{"rendered":"https:\/\/eatnobis.com\/?page_id=1060"},"modified":"2026-01-16T01:55:12","modified_gmt":"2026-01-16T01:55:12","slug":"recursos","status":"publish","type":"page","link":"https:\/\/eatnobis.com\/pt\/resources\/","title":{"rendered":"Saiba Mais"},"content":{"rendered":"<div data-elementor-type=\"wp-page\" data-elementor-id=\"1060\" class=\"elementor elementor-1060\" data-elementor-post-type=\"page\">\n\t\t\t\t\t\t<section class=\"elementor-section elementor-top-section elementor-element elementor-element-0a22be5 elementor-section-boxed elementor-section-height-default elementor-section-height-default\" data-id=\"0a22be5\" data-element_type=\"section\" data-e-type=\"section\">\n\t\t\t\t\t\t<div class=\"elementor-container elementor-column-gap-default\">\n\t\t\t\t\t<div class=\"elementor-column elementor-col-100 elementor-top-column elementor-element elementor-element-49e8871\" data-id=\"49e8871\" data-element_type=\"column\" data-e-type=\"column\">\n\t\t\t<div class=\"elementor-widget-wrap elementor-element-populated\">\n\t\t\t\t\t\t<div class=\"elementor-element elementor-element-d101d0d elementor-grid-3 elementor-grid-tablet-2 elementor-grid-mobile-1 elementor-posts--thumbnail-top elementor-widget elementor-widget-posts\" data-id=\"d101d0d\" data-element_type=\"widget\" data-e-type=\"widget\" data-settings=\"{&quot;pagination_type&quot;:&quot;numbers_and_prev_next&quot;,&quot;classic_columns&quot;:&quot;3&quot;,&quot;classic_columns_tablet&quot;:&quot;2&quot;,&quot;classic_columns_mobile&quot;:&quot;1&quot;,&quot;classic_row_gap&quot;:{&quot;unit&quot;:&quot;px&quot;,&quot;size&quot;:35,&quot;sizes&quot;:[]},&quot;classic_row_gap_tablet&quot;:{&quot;unit&quot;:&quot;px&quot;,&quot;size&quot;:&quot;&quot;,&quot;sizes&quot;:[]},&quot;classic_row_gap_mobile&quot;:{&quot;unit&quot;:&quot;px&quot;,&quot;size&quot;:&quot;&quot;,&quot;sizes&quot;:[]}}\" data-widget_type=\"posts.classic\">\n\t\t\t\t<div class=\"elementor-widget-container\">\n\t\t\t\t\t\t\t<div class=\"elementor-posts-container elementor-posts elementor-posts--skin-classic elementor-grid\" role=\"list\">\n\t\t\t\t<article class=\"elementor-post elementor-grid-item post-2892 post type-post status-publish format-standard has-post-thumbnail hentry category-blog\" role=\"listitem\">\n\t\t\t\t<a class=\"elementor-post__thumbnail__link\" href=\"https:\/\/eatnobis.com\/pt\/resources\/the-plants-industrial-agriculture-left-behind\/\" tabindex=\"-1\" >\n\t\t\t<div class=\"elementor-post__thumbnail\"><img decoding=\"async\" width=\"300\" height=\"127\" data-src=\"https:\/\/eatnobis.com\/wp-content\/uploads\/2026\/04\/Nano-Banana-2-Wide-horizontal-blog-banner-A-close-up-of-ora-pro-n_bis-leaves-_-broad_-soft_-deep-300x127.png\" class=\"attachment-medium size-medium wp-image-2896 lazyload\" alt=\"\" data-srcset=\"https:\/\/eatnobis.com\/wp-content\/uploads\/2026\/04\/Nano-Banana-2-Wide-horizontal-blog-banner-A-close-up-of-ora-pro-n_bis-leaves-_-broad_-soft_-deep-300x127.png 300w, https:\/\/eatnobis.com\/wp-content\/uploads\/2026\/04\/Nano-Banana-2-Wide-horizontal-blog-banner-A-close-up-of-ora-pro-n_bis-leaves-_-broad_-soft_-deep-1024x434.png 1024w, https:\/\/eatnobis.com\/wp-content\/uploads\/2026\/04\/Nano-Banana-2-Wide-horizontal-blog-banner-A-close-up-of-ora-pro-n_bis-leaves-_-broad_-soft_-deep-768x326.png 768w, https:\/\/eatnobis.com\/wp-content\/uploads\/2026\/04\/Nano-Banana-2-Wide-horizontal-blog-banner-A-close-up-of-ora-pro-n_bis-leaves-_-broad_-soft_-deep-1536x652.png 1536w, https:\/\/eatnobis.com\/wp-content\/uploads\/2026\/04\/Nano-Banana-2-Wide-horizontal-blog-banner-A-close-up-of-ora-pro-n_bis-leaves-_-broad_-soft_-deep-1200x509.png 1200w, https:\/\/eatnobis.com\/wp-content\/uploads\/2026\/04\/Nano-Banana-2-Wide-horizontal-blog-banner-A-close-up-of-ora-pro-n_bis-leaves-_-broad_-soft_-deep.png 1584w\" data-sizes=\"(max-width: 300px) 100vw, 300px\" src=\"data:image\/svg+xml;base64,PHN2ZyB3aWR0aD0iMSIgaGVpZ2h0PSIxIiB4bWxucz0iaHR0cDovL3d3dy53My5vcmcvMjAwMC9zdmciPjwvc3ZnPg==\" style=\"--smush-placeholder-width: 300px; --smush-placeholder-aspect-ratio: 300\/127;\" \/><\/div>\n\t\t<\/a>\n\t\t\t\t<div class=\"elementor-post__text\">\n\t\t\t\t<h3 class=\"elementor-post__title\">\n\t\t\t<a href=\"https:\/\/eatnobis.com\/pt\/resources\/the-plants-industrial-agriculture-left-behind\/\" >\n\t\t\t\tAs Plantas Deixadas Para Tr\u00e1s Pela Agricultura Industrial\t\t\t<\/a>\n\t\t<\/h3>\n\t\t\t\t<div class=\"elementor-post__meta-data\">\n\t\t\t\t\t<span class=\"elementor-post-date\">\n\t\t\t6 de abril de 2026\t\t<\/span>\n\t\t\t\t<\/div>\n\t\t\t\t<div class=\"elementor-post__excerpt\">\n\t\t\t<p>Here\u2019s a number that might surprise you: throughout human history, people have eaten more than 7,000 different plant species.1 Seven thousand. Think about that for a second. Today, 17 crops supply 90% of all the calories eaten on Earth.2 A small group of nine crops, including sugar cane, maize, rice,<\/p>\n\t\t<\/div>\n\t\t\n\t\t<a class=\"elementor-post__read-more\" href=\"https:\/\/eatnobis.com\/pt\/resources\/the-plants-industrial-agriculture-left-behind\/\" aria-label=\"Leia mais sobre The Plants Industrial Agriculture Left Behind\" tabindex=\"-1\" >\n\t\t\tLeia Mais \u00bb\t\t<\/a>\n\n\t\t\t\t<\/div>\n\t\t\t\t<\/article>\n\t\t\t\t<article class=\"elementor-post elementor-grid-item post-2535 post type-post status-publish format-standard has-post-thumbnail hentry category-blog tag-best-green-powder\" role=\"listitem\">\n\t\t\t\t<a class=\"elementor-post__thumbnail__link\" href=\"https:\/\/eatnobis.com\/pt\/resources\/do-ora-pro-nobis-leaves-and-green-powder-need-to-be-cooked\/\" tabindex=\"-1\" >\n\t\t\t<div class=\"elementor-post__thumbnail\"><img fetchpriority=\"high\" decoding=\"async\" width=\"300\" height=\"169\" src=\"https:\/\/eatnobis.com\/wp-content\/uploads\/2026\/01\/Does-ora-pro-nobis-cook-blog-post-300x169.png\" class=\"attachment-medium size-medium wp-image-2598\" alt=\"\" srcset=\"https:\/\/eatnobis.com\/wp-content\/uploads\/2026\/01\/Does-ora-pro-nobis-cook-blog-post-300x169.png 300w, https:\/\/eatnobis.com\/wp-content\/uploads\/2026\/01\/Does-ora-pro-nobis-cook-blog-post-1024x576.png 1024w, https:\/\/eatnobis.com\/wp-content\/uploads\/2026\/01\/Does-ora-pro-nobis-cook-blog-post-768x432.png 768w, https:\/\/eatnobis.com\/wp-content\/uploads\/2026\/01\/Does-ora-pro-nobis-cook-blog-post-1536x864.png 1536w, https:\/\/eatnobis.com\/wp-content\/uploads\/2026\/01\/Does-ora-pro-nobis-cook-blog-post-2048x1152.png 2048w, https:\/\/eatnobis.com\/wp-content\/uploads\/2026\/01\/Does-ora-pro-nobis-cook-blog-post-480x270.png 480w, https:\/\/eatnobis.com\/wp-content\/uploads\/2026\/01\/Does-ora-pro-nobis-cook-blog-post-1200x675.png 1200w, https:\/\/eatnobis.com\/wp-content\/uploads\/2026\/01\/Does-ora-pro-nobis-cook-blog-post-1980x1114.png 1980w\" sizes=\"(max-width: 300px) 100vw, 300px\" \/><\/div>\n\t\t<\/a>\n\t\t\t\t<div class=\"elementor-post__text\">\n\t\t\t\t<h3 class=\"elementor-post__title\">\n\t\t\t<a href=\"https:\/\/eatnobis.com\/pt\/resources\/do-ora-pro-nobis-leaves-and-green-powder-need-to-be-cooked\/\" >\n\t\t\t\tAs Folhas e o P\u00f3 Verde de Ora Pro Nobis Precisam Ser Cozidos?\t\t\t<\/a>\n\t\t<\/h3>\n\t\t\t\t<div class=\"elementor-post__meta-data\">\n\t\t\t\t\t<span class=\"elementor-post-date\">\n\t\t\t15 de janeiro de 2026\t\t<\/span>\n\t\t\t\t<\/div>\n\t\t\t\t<div class=\"elementor-post__excerpt\">\n\t\t\t<p>Separando o Mito da Ci\u00eancia Existe uma cren\u00e7a circulando nas redes sociais e em conversas informais sobre alimentos no Brasil de que as folhas de ora pro nobis precisam ser cozidas antes de serem consumidas para que sejam seguras. Isso \u00e9 compreens\u00edvel, pois muitas plantas selvagens cont\u00eam compostos que se beneficiam do cozimento, como oxalatos e taninos.<\/p>\n\t\t<\/div>\n\t\t\n\t\t<a class=\"elementor-post__read-more\" href=\"https:\/\/eatnobis.com\/pt\/resources\/do-ora-pro-nobis-leaves-and-green-powder-need-to-be-cooked\/\" aria-label=\"Leia mais sobre Do Ora Pro Nobis Leaves and Green Powder Need to Be Cooked?\" tabindex=\"-1\" >\n\t\t\tLeia Mais \u00bb\t\t<\/a>\n\n\t\t\t\t<\/div>\n\t\t\t\t<\/article>\n\t\t\t\t<article class=\"elementor-post elementor-grid-item post-2046 post type-post status-publish format-standard has-post-thumbnail hentry category-blog tag-detox tag-detox-scam tag-nobis tag-supplements tag-truth\" role=\"listitem\">\n\t\t\t\t<a class=\"elementor-post__thumbnail__link\" href=\"https:\/\/eatnobis.com\/pt\/resources\/detox-products-might-be-the-biggest-health-myth-online\/\" tabindex=\"-1\" >\n\t\t\t<div class=\"elementor-post__thumbnail\"><img decoding=\"async\" width=\"300\" height=\"60\" data-src=\"https:\/\/eatnobis.com\/wp-content\/uploads\/2025\/11\/detox-6-1-300x60.png\" class=\"attachment-medium size-medium wp-image-2081 lazyload\" alt=\"\" data-srcset=\"https:\/\/eatnobis.com\/wp-content\/uploads\/2025\/11\/detox-6-1-300x60.png 300w, https:\/\/eatnobis.com\/wp-content\/uploads\/2025\/11\/detox-6-1-1024x205.png 1024w, https:\/\/eatnobis.com\/wp-content\/uploads\/2025\/11\/detox-6-1-768x154.png 768w, https:\/\/eatnobis.com\/wp-content\/uploads\/2025\/11\/detox-6-1-1536x307.png 1536w, https:\/\/eatnobis.com\/wp-content\/uploads\/2025\/11\/detox-6-1-2048x410.png 2048w, https:\/\/eatnobis.com\/wp-content\/uploads\/2025\/11\/detox-6-1-1200x240.png 1200w, https:\/\/eatnobis.com\/wp-content\/uploads\/2025\/11\/detox-6-1-1980x396.png 1980w\" data-sizes=\"(max-width: 300px) 100vw, 300px\" src=\"data:image\/svg+xml;base64,PHN2ZyB3aWR0aD0iMSIgaGVpZ2h0PSIxIiB4bWxucz0iaHR0cDovL3d3dy53My5vcmcvMjAwMC9zdmciPjwvc3ZnPg==\" style=\"--smush-placeholder-width: 300px; --smush-placeholder-aspect-ratio: 300\/60;\" \/><\/div>\n\t\t<\/a>\n\t\t\t\t<div class=\"elementor-post__text\">\n\t\t\t\t<h3 class=\"elementor-post__title\">\n\t\t\t<a href=\"https:\/\/eatnobis.com\/pt\/resources\/detox-products-might-be-the-biggest-health-myth-online\/\" >\n\t\t\t\tA Verdade Sobre os Produtos Detox: Os Suplementos Detox Realmente Funcionam?\t\t\t<\/a>\n\t\t<\/h3>\n\t\t\t\t<div class=\"elementor-post__meta-data\">\n\t\t\t\t\t<span class=\"elementor-post-date\">\n\t\t\t8 de novembro de 2025\t\t<\/span>\n\t\t\t\t<\/div>\n\t\t\t\t<div class=\"elementor-post__excerpt\">\n\t\t\t<p>A maioria dos suplementos de desintoxica\u00e7\u00e3o promete \u201celiminar toxinas\u201d, mas a ci\u00eancia mostra que seu corpo j\u00e1 possui um sistema de desintoxica\u00e7\u00e3o incrivelmente eficaz que nenhum produto pode substituir.<\/p>\n\t\t<\/div>\n\t\t\n\t\t<a class=\"elementor-post__read-more\" href=\"https:\/\/eatnobis.com\/pt\/resources\/detox-products-might-be-the-biggest-health-myth-online\/\" aria-label=\"Leia mais sobre The Truth About Detox Products: Do Detox Supplements Really Work?\" tabindex=\"-1\" >\n\t\t\tLeia Mais \u00bb\t\t<\/a>\n\n\t\t\t\t<\/div>\n\t\t\t\t<\/article>\n\t\t\t\t<article class=\"elementor-post elementor-grid-item post-1981 post type-post status-publish format-standard has-post-thumbnail hentry category-blog tag-how-to-fix-period-cramps tag-menstrual-cycle-cramps-fix tag-ora-pro-nobis tag-period-cramps tag-why-period-cramps\" role=\"listitem\">\n\t\t\t\t<a class=\"elementor-post__thumbnail__link\" href=\"https:\/\/eatnobis.com\/pt\/resources\/why-period-cramps-happen-and-how-nobis-powder-can-help-ease-them\/\" tabindex=\"-1\" >\n\t\t\t<div class=\"elementor-post__thumbnail\"><img decoding=\"async\" width=\"300\" height=\"150\" data-src=\"https:\/\/eatnobis.com\/wp-content\/uploads\/2025\/09\/5-300x150.png\" class=\"attachment-medium size-medium wp-image-1982 lazyload\" alt=\"\" data-srcset=\"https:\/\/eatnobis.com\/wp-content\/uploads\/2025\/09\/5-300x150.png 300w, https:\/\/eatnobis.com\/wp-content\/uploads\/2025\/09\/5-1024x512.png 1024w, https:\/\/eatnobis.com\/wp-content\/uploads\/2025\/09\/5-768x384.png 768w, https:\/\/eatnobis.com\/wp-content\/uploads\/2025\/09\/5.png 2000w\" data-sizes=\"(max-width: 300px) 100vw, 300px\" src=\"data:image\/svg+xml;base64,PHN2ZyB3aWR0aD0iMSIgaGVpZ2h0PSIxIiB4bWxucz0iaHR0cDovL3d3dy53My5vcmcvMjAwMC9zdmciPjwvc3ZnPg==\" style=\"--smush-placeholder-width: 300px; --smush-placeholder-aspect-ratio: 300\/150;\" \/><\/div>\n\t\t<\/a>\n\t\t\t\t<div class=\"elementor-post__text\">\n\t\t\t\t<h3 class=\"elementor-post__title\">\n\t\t\t<a href=\"https:\/\/eatnobis.com\/pt\/resources\/why-period-cramps-happen-and-how-nobis-powder-can-help-ease-them\/\" >\n\t\t\t\tPor que as c\u00f3licas menstruais acontecem e como o P\u00f3 Nobis pode ajudar a alivi\u00e1-las\t\t\t<\/a>\n\t\t<\/h3>\n\t\t\t\t<div class=\"elementor-post__meta-data\">\n\t\t\t\t\t<span class=\"elementor-post-date\">\n\t\t\t14 de setembro de 2025\t\t<\/span>\n\t\t\t\t<\/div>\n\t\t\t\t<div class=\"elementor-post__excerpt\">\n\t\t\t<p>As c\u00f3licas menstruais e o cansa\u00e7o n\u00e3o s\u00e3o apenas azar, eles s\u00e3o resultado de mudan\u00e7as hormonais naturais, e a nutri\u00e7\u00e3o adequada (como a encontrada no Nobis Powder) pode ajudar seu corpo a se sentir mais equilibrado e com mais suporte durante esse per\u00edodo.<\/p>\n\t\t<\/div>\n\t\t\n\t\t<a class=\"elementor-post__read-more\" href=\"https:\/\/eatnobis.com\/pt\/resources\/why-period-cramps-happen-and-how-nobis-powder-can-help-ease-them\/\" aria-label=\"Leia mais sobre Why Period Cramps Happen, and How Nobis Powder Can Help Ease Them\" tabindex=\"-1\" >\n\t\t\tLeia Mais \u00bb\t\t<\/a>\n\n\t\t\t\t<\/div>\n\t\t\t\t<\/article>\n\t\t\t\t<article class=\"elementor-post elementor-grid-item post-1898 post type-post status-publish format-standard has-post-thumbnail hentry category-blog\" role=\"listitem\">\n\t\t\t\t<a class=\"elementor-post__thumbnail__link\" href=\"https:\/\/eatnobis.com\/pt\/resources\/food-fraud-is-real-heres-how-to-protect-yourself-2\/\" tabindex=\"-1\" >\n\t\t\t<div class=\"elementor-post__thumbnail\"><img decoding=\"async\" width=\"300\" height=\"157\" data-src=\"https:\/\/eatnobis.com\/wp-content\/uploads\/2025\/08\/higher-q-300x157.png\" class=\"attachment-medium size-medium wp-image-2003 lazyload\" alt=\"\" data-srcset=\"https:\/\/eatnobis.com\/wp-content\/uploads\/2025\/08\/higher-q-300x157.png 300w, https:\/\/eatnobis.com\/wp-content\/uploads\/2025\/08\/higher-q-1024x535.png 1024w, https:\/\/eatnobis.com\/wp-content\/uploads\/2025\/08\/higher-q-768x401.png 768w, https:\/\/eatnobis.com\/wp-content\/uploads\/2025\/08\/higher-q.png 1408w\" data-sizes=\"(max-width: 300px) 100vw, 300px\" src=\"data:image\/svg+xml;base64,PHN2ZyB3aWR0aD0iMSIgaGVpZ2h0PSIxIiB4bWxucz0iaHR0cDovL3d3dy53My5vcmcvMjAwMC9zdmciPjwvc3ZnPg==\" style=\"--smush-placeholder-width: 300px; --smush-placeholder-aspect-ratio: 300\/157;\" \/><\/div>\n\t\t<\/a>\n\t\t\t\t<div class=\"elementor-post__text\">\n\t\t\t\t<h3 class=\"elementor-post__title\">\n\t\t\t<a href=\"https:\/\/eatnobis.com\/pt\/resources\/food-fraud-is-real-heres-how-to-protect-yourself-2\/\" >\n\t\t\t\tFraude Alimentar \u00e9 Real. Veja Como se Proteger.\t\t\t<\/a>\n\t\t<\/h3>\n\t\t\t\t<div class=\"elementor-post__meta-data\">\n\t\t\t\t\t<span class=\"elementor-post-date\">\n\t\t\t7 de agosto de 2025\t\t<\/span>\n\t\t\t\t<\/div>\n\t\t\t\t<div class=\"elementor-post__excerpt\">\n\t\t\t<p>A fraude alimentar n\u00e3o prejudica apenas o seu bolso. Ela pode ser perigosa.<\/p>\n\t\t<\/div>\n\t\t\n\t\t<a class=\"elementor-post__read-more\" href=\"https:\/\/eatnobis.com\/pt\/resources\/food-fraud-is-real-heres-how-to-protect-yourself-2\/\" aria-label=\"Leia mais sobre Food Fraud Is Real. Here\u2019s How to Protect Yourself.\" tabindex=\"-1\" >\n\t\t\tLeia Mais \u00bb\t\t<\/a>\n\n\t\t\t\t<\/div>\n\t\t\t\t<\/article>\n\t\t\t\t<article class=\"elementor-post elementor-grid-item post-1823 post type-post status-publish format-standard has-post-thumbnail hentry category-blog tag-best-green-powder tag-best-green-powders tag-brazilian-superfood tag-nobis tag-vegan-supplement tag-vegetarian-supplement\" role=\"listitem\">\n\t\t\t\t<a class=\"elementor-post__thumbnail__link\" href=\"https:\/\/eatnobis.com\/pt\/resources\/are-green-powders-actually-beneficial-or-are-they-just-a-trend\/\" tabindex=\"-1\" >\n\t\t\t<div class=\"elementor-post__thumbnail\"><img decoding=\"async\" width=\"300\" height=\"150\" data-src=\"https:\/\/eatnobis.com\/wp-content\/uploads\/2025\/07\/Greens-powder-Banner-300x150.png\" class=\"attachment-medium size-medium wp-image-1825 lazyload\" alt=\"\" data-srcset=\"https:\/\/eatnobis.com\/wp-content\/uploads\/2025\/07\/Greens-powder-Banner-300x150.png 300w, https:\/\/eatnobis.com\/wp-content\/uploads\/2025\/07\/Greens-powder-Banner-1024x512.png 1024w, https:\/\/eatnobis.com\/wp-content\/uploads\/2025\/07\/Greens-powder-Banner-768x384.png 768w, https:\/\/eatnobis.com\/wp-content\/uploads\/2025\/07\/Greens-powder-Banner-1536x768.png 1536w, https:\/\/eatnobis.com\/wp-content\/uploads\/2025\/07\/Greens-powder-Banner-1200x600.png 1200w, https:\/\/eatnobis.com\/wp-content\/uploads\/2025\/07\/Greens-powder-Banner-1980x990.png 1980w, https:\/\/eatnobis.com\/wp-content\/uploads\/2025\/07\/Greens-powder-Banner-600x300.png 600w, https:\/\/eatnobis.com\/wp-content\/uploads\/2025\/07\/Greens-powder-Banner.png 2000w\" data-sizes=\"(max-width: 300px) 100vw, 300px\" src=\"data:image\/svg+xml;base64,PHN2ZyB3aWR0aD0iMSIgaGVpZ2h0PSIxIiB4bWxucz0iaHR0cDovL3d3dy53My5vcmcvMjAwMC9zdmciPjwvc3ZnPg==\" style=\"--smush-placeholder-width: 300px; --smush-placeholder-aspect-ratio: 300\/150;\" \/><\/div>\n\t\t<\/a>\n\t\t\t\t<div class=\"elementor-post__text\">\n\t\t\t\t<h3 class=\"elementor-post__title\">\n\t\t\t<a href=\"https:\/\/eatnobis.com\/pt\/resources\/are-green-powders-actually-beneficial-or-are-they-just-a-trend\/\" >\n\t\t\t\tOs p\u00f3s verdes s\u00e3o realmente ben\u00e9ficos? Ou s\u00e3o apenas uma moda?\t\t\t<\/a>\n\t\t<\/h3>\n\t\t\t\t<div class=\"elementor-post__meta-data\">\n\t\t\t\t\t<span class=\"elementor-post-date\">\n\t\t\t28 de julho de 2025\t\t<\/span>\n\t\t\t\t<\/div>\n\t\t\t\t<div class=\"elementor-post__excerpt\">\n\t\t\t<p>Ningu\u00e9m quer ouvir as palavras doen\u00e7a card\u00edaca, perda de mem\u00f3ria ou \u201csinais iniciais de algo s\u00e9rio\u201d. O que realmente queremos \u00e9 nos sentir bem, manter a mente afiada e continuar fazendo as coisas que amamos pelo maior tempo poss\u00edvel. Sabemos que a alimenta\u00e7\u00e3o \u00e9 uma das ferramentas mais poderosas<\/p>\n\t\t<\/div>\n\t\t\n\t\t<a class=\"elementor-post__read-more\" href=\"https:\/\/eatnobis.com\/pt\/resources\/are-green-powders-actually-beneficial-or-are-they-just-a-trend\/\" aria-label=\"Leia mais sobre Are Green Powders Actually Beneficial? Or Are They Just a Trend?\" tabindex=\"-1\" >\n\t\t\tLeia Mais \u00bb\t\t<\/a>\n\n\t\t\t\t<\/div>\n\t\t\t\t<\/article>\n\t\t\t\t<\/div>\n\t\t\n\t\t\t\t<div class=\"e-load-more-anchor\" data-page=\"1\" data-max-page=\"2\" data-next-page=\"https:\/\/eatnobis.com\/pt\/wp-json\/wp\/v2\/pages\/1060\/page\/2\/\"><\/div>\n\t\t\t\t<nav class=\"elementor-pagination\" aria-label=\"Pagina\u00e7\u00e3o\">\n\t\t\t<span class=\"page-numbers prev\">\u00abAnterior<\/span>\n<span aria-current=\"page\" class=\"page-numbers current\"><span class=\"elementor-screen-only\">P\u00e1gina<\/span>1<\/span>\n<a class=\"page-numbers\" href=\"https:\/\/eatnobis.com\/pt\/wp-json\/wp\/v2\/pages\/1060\/page\/2\/\"><span class=\"elementor-screen-only\">P\u00e1gina<\/span>2<\/a>\n<a class=\"page-numbers next\" href=\"https:\/\/eatnobis.com\/pt\/wp-json\/wp\/v2\/pages\/1060\/page\/2\/\">Pr\u00f3ximo \u00bb<\/a>\t\t<\/nav>\n\t\t\t\t\t\t<\/div>\n\t\t\t\t<\/div>\n\t\t\t\t\t<\/div>\n\t\t<\/div>\n\t\t\t\t\t<\/div>\n\t\t<\/section>\n\t\t\t\t<\/div>","protected":false},"excerpt":{"rendered":"","protected":false},"author":2,"featured_media":0,"parent":0,"menu_order":0,"comment_status":"closed","ping_status":"closed","template":"","meta":{"nf_dc_page":"","wprm-recipe-roundup-name":"","wprm-recipe-roundup-description":"","footnotes":""},"class_list":["post-1060","page","type-page","status-publish","hentry"],"yoast_head":"<!-- This site is optimized with the Yoast SEO plugin v27.4 - https:\/\/yoast.com\/product\/yoast-seo-wordpress\/ -->\n<title>Resources - Nobis<\/title>\n<meta name=\"robots\" content=\"index, follow, max-snippet:-1, max-image-preview:large, max-video-preview:-1\" \/>\n<link rel=\"canonical\" href=\"https:\/\/eatnobis.com\/pt\/recursos\/\" \/>\n<meta property=\"og:locale\" content=\"pt_BR\" \/>\n<meta property=\"og:type\" content=\"article\" \/>\n<meta property=\"og:title\" content=\"Resources - Nobis\" \/>\n<meta property=\"og:url\" content=\"https:\/\/eatnobis.com\/pt\/recursos\/\" \/>\n<meta property=\"og:site_name\" content=\"Nobis\" \/>\n<meta property=\"article:publisher\" content=\"https:\/\/www.facebook.com\/eatnobis\" \/>\n<meta property=\"article:modified_time\" content=\"2026-01-16T01:55:12+00:00\" \/>\n<meta name=\"twitter:card\" content=\"summary_large_image\" \/>\n<meta name=\"twitter:label1\" content=\"Est. tempo de leitura\" \/>\n\t<meta name=\"twitter:data1\" content=\"4 minutos\" \/>\n<script type=\"application\/ld+json\" class=\"yoast-schema-graph\">{\"@context\":\"https:\\\/\\\/schema.org\",\"@graph\":[{\"@type\":\"WebPage\",\"@id\":\"https:\\\/\\\/eatnobis.com\\\/resources\\\/\",\"url\":\"https:\\\/\\\/eatnobis.com\\\/resources\\\/\",\"name\":\"Resources - Nobis\",\"isPartOf\":{\"@id\":\"https:\\\/\\\/eatnobis.com\\\/#website\"},\"datePublished\":\"2022-03-07T04:42:32+00:00\",\"dateModified\":\"2026-01-16T01:55:12+00:00\",\"breadcrumb\":{\"@id\":\"https:\\\/\\\/eatnobis.com\\\/resources\\\/#breadcrumb\"},\"inLanguage\":\"pt-BR\",\"potentialAction\":[{\"@type\":\"ReadAction\",\"target\":[\"https:\\\/\\\/eatnobis.com\\\/resources\\\/\"]}]},{\"@type\":\"BreadcrumbList\",\"@id\":\"https:\\\/\\\/eatnobis.com\\\/resources\\\/#breadcrumb\",\"itemListElement\":[{\"@type\":\"ListItem\",\"position\":1,\"name\":\"Home\",\"item\":\"https:\\\/\\\/eatnobis.com\\\/\"},{\"@type\":\"ListItem\",\"position\":2,\"name\":\"Resources\"}]},{\"@type\":\"WebSite\",\"@id\":\"https:\\\/\\\/eatnobis.com\\\/#website\",\"url\":\"https:\\\/\\\/eatnobis.com\\\/\",\"name\":\"eatnobis\",\"description\":\"Eat Nobis \",\"publisher\":{\"@id\":\"https:\\\/\\\/eatnobis.com\\\/#organization\"},\"potentialAction\":[{\"@type\":\"SearchAction\",\"target\":{\"@type\":\"EntryPoint\",\"urlTemplate\":\"https:\\\/\\\/eatnobis.com\\\/?s={search_term_string}\"},\"query-input\":{\"@type\":\"PropertyValueSpecification\",\"valueRequired\":true,\"valueName\":\"search_term_string\"}}],\"inLanguage\":\"pt-BR\"},{\"@type\":\"Organization\",\"@id\":\"https:\\\/\\\/eatnobis.com\\\/#organization\",\"name\":\"Nobis\",\"url\":\"https:\\\/\\\/eatnobis.com\\\/\",\"logo\":{\"@type\":\"ImageObject\",\"inLanguage\":\"pt-BR\",\"@id\":\"https:\\\/\\\/eatnobis.com\\\/#\\\/schema\\\/logo\\\/image\\\/\",\"url\":\"https:\\\/\\\/eatnobis.com\\\/wp-content\\\/uploads\\\/2021\\\/09\\\/nobis-logo_12-31-scaled.jpg\",\"contentUrl\":\"https:\\\/\\\/eatnobis.com\\\/wp-content\\\/uploads\\\/2021\\\/09\\\/nobis-logo_12-31-scaled.jpg\",\"width\":2560,\"height\":916,\"caption\":\"Nobis\"},\"image\":{\"@id\":\"https:\\\/\\\/eatnobis.com\\\/#\\\/schema\\\/logo\\\/image\\\/\"},\"sameAs\":[\"https:\\\/\\\/www.facebook.com\\\/eatnobis\",\"https:\\\/\\\/www.instagram.com\\\/eatnobis\\\/\",\"https:\\\/\\\/www.tiktok.com\\\/@eatnobis\"]}]}<\/script>\n<!-- \/ Yoast SEO plugin. -->","yoast_head_json":{"title":"Recursos - Nobis","robots":{"index":"index","follow":"follow","max-snippet":"max-snippet:-1","max-image-preview":"max-image-preview:large","max-video-preview":"max-video-preview:-1"},"canonical":"https:\/\/eatnobis.com\/pt\/recursos\/","og_locale":"pt_BR","og_type":"article","og_title":"Resources - Nobis","og_url":"https:\/\/eatnobis.com\/pt\/recursos\/","og_site_name":"Nobis","article_publisher":"https:\/\/www.facebook.com\/eatnobis","article_modified_time":"2026-01-16T01:55:12+00:00","twitter_card":"summary_large_image","twitter_misc":{"Est. tempo de leitura":"4 minutos"},"schema":{"@context":"https:\/\/schema.org","@graph":[{"@type":"WebPage","@id":"https:\/\/eatnobis.com\/resources\/","url":"https:\/\/eatnobis.com\/resources\/","name":"Recursos - Nobis","isPartOf":{"@id":"https:\/\/eatnobis.com\/#website"},"datePublished":"2022-03-07T04:42:32+00:00","dateModified":"2026-01-16T01:55:12+00:00","breadcrumb":{"@id":"https:\/\/eatnobis.com\/resources\/#breadcrumb"},"inLanguage":"pt-BR","potentialAction":[{"@type":"ReadAction","target":["https:\/\/eatnobis.com\/resources\/"]}]},{"@type":"BreadcrumbList","@id":"https:\/\/eatnobis.com\/resources\/#breadcrumb","itemListElement":[{"@type":"ListItem","position":1,"name":"Home","item":"https:\/\/eatnobis.com\/"},{"@type":"ListItem","position":2,"name":"Resources"}]},{"@type":"WebSite","@id":"https:\/\/eatnobis.com\/#website","url":"https:\/\/eatnobis.com\/","name":"nobis","description":"Coma Nobis","publisher":{"@id":"https:\/\/eatnobis.com\/#organization"},"potentialAction":[{"@type":"SearchAction","target":{"@type":"EntryPoint","urlTemplate":"https:\/\/eatnobis.com\/?s={search_term_string}"},"query-input":{"@type":"PropertyValueSpecification","valueRequired":true,"valueName":"search_term_string"}}],"inLanguage":"pt-BR"},{"@type":"Organization","@id":"https:\/\/eatnobis.com\/#organization","name":"Para n\u00f3s","url":"https:\/\/eatnobis.com\/","logo":{"@type":"ImageObject","inLanguage":"pt-BR","@id":"https:\/\/eatnobis.com\/#\/schema\/logo\/image\/","url":"https:\/\/eatnobis.com\/wp-content\/uploads\/2021\/09\/nobis-logo_12-31-scaled.jpg","contentUrl":"https:\/\/eatnobis.com\/wp-content\/uploads\/2021\/09\/nobis-logo_12-31-scaled.jpg","width":2560,"height":916,"caption":"Nobis"},"image":{"@id":"https:\/\/eatnobis.com\/#\/schema\/logo\/image\/"},"sameAs":["https:\/\/www.facebook.com\/eatnobis","https:\/\/www.instagram.com\/eatnobis\/","https:\/\/www.tiktok.com\/@eatnobis"]}]}},"_links":{"self":[{"href":"https:\/\/eatnobis.com\/pt\/wp-json\/wp\/v2\/pages\/1060","targetHints":{"allow":["GET"]}}],"collection":[{"href":"https:\/\/eatnobis.com\/pt\/wp-json\/wp\/v2\/pages"}],"about":[{"href":"https:\/\/eatnobis.com\/pt\/wp-json\/wp\/v2\/types\/page"}],"author":[{"embeddable":true,"href":"https:\/\/eatnobis.com\/pt\/wp-json\/wp\/v2\/users\/2"}],"replies":[{"embeddable":true,"href":"https:\/\/eatnobis.com\/pt\/wp-json\/wp\/v2\/comments?post=1060"}],"version-history":[{"count":5,"href":"https:\/\/eatnobis.com\/pt\/wp-json\/wp\/v2\/pages\/1060\/revisions"}],"predecessor-version":[{"id":2667,"href":"https:\/\/eatnobis.com\/pt\/wp-json\/wp\/v2\/pages\/1060\/revisions\/2667"}],"wp:attachment":[{"href":"https:\/\/eatnobis.com\/pt\/wp-json\/wp\/v2\/media?parent=1060"}],"curies":[{"name":"wp","href":"https:\/\/api.w.org\/{rel}","templated":true}]}}